{"id":7567,"date":"2022-02-07T04:05:11","date_gmt":"2022-02-07T04:05:11","guid":{"rendered":"https:\/\/iparc.ca\/?page_id=7567"},"modified":"2025-04-28T21:50:12","modified_gmt":"2025-04-28T21:50:12","slug":"notre-equipe","status":"publish","type":"page","link":"https:\/\/iparc.ca\/en\/notre-equipe\/","title":{"rendered":"Our team"},"content":{"rendered":"<div data-elementor-type=\"wp-page\" data-elementor-id=\"7567\" class=\"elementor elementor-7567\" data-elementor-post-type=\"page\">\n\t\t\t\t\t\t<section class=\"elementor-section elementor-top-section elementor-element elementor-element-aa8e31a elementor-section-boxed elementor-section-height-default elementor-section-height-default rt-parallax-bg-no\" data-id=\"aa8e31a\" data-element_type=\"section\" data-e-type=\"section\">\n\t\t\t\t\t\t<div class=\"elementor-container elementor-column-gap-default\">\n\t\t\t\t\t<div class=\"elementor-column elementor-col-100 elementor-top-column elementor-element elementor-element-307e764\" data-id=\"307e764\" data-element_type=\"column\" data-e-type=\"column\">\n\t\t\t<div class=\"elementor-widget-wrap elementor-element-populated\">\n\t\t\t\t\t\t<div class=\"elementor-element elementor-element-40cc67b elementor-widget elementor-widget-rt-text-with-button\" data-id=\"40cc67b\" data-element_type=\"widget\" data-e-type=\"widget\" data-widget_type=\"rt-text-with-button.default\">\n\t\t\t\t<div class=\"elementor-widget-container\">\n\t\t\t\t\t<div class=\"title-text-button barhide text-style1\">\r\n\t\r\n\t\t<div class=\"subtitle style1\">OUR TEAM MEMBERS\t\t\t<\/div>\r\n\t\t\t\t<h2 class=\"section-title\">Meet our dedicated team<\/h2>\t\t\r\n\t<div class=\"section-content\"><p>Behind every project stands a passionate, experienced, and attentive team. Discover the professionals who make Gestion iParc a trusted partner.<\/p><\/div>\r\n\t<\/div>\t\t\t\t<\/div>\n\t\t\t\t<\/div>\n\t\t\t\t\t<\/div>\n\t\t<\/div>\n\t\t\t\t\t<\/div>\n\t\t<\/section>\n\t\t\t\t<section class=\"elementor-section elementor-top-section elementor-element elementor-element-7bf93c2 elementor-section-boxed elementor-section-height-default elementor-section-height-default rt-parallax-bg-no\" data-id=\"7bf93c2\" data-element_type=\"section\" data-e-type=\"section\">\n\t\t\t\t\t\t<div class=\"elementor-container elementor-column-gap-default\">\n\t\t\t\t\t<div class=\"elementor-column elementor-col-100 elementor-top-column elementor-element elementor-element-1d682f6\" data-id=\"1d682f6\" data-element_type=\"column\" data-e-type=\"column\">\n\t\t\t<div class=\"elementor-widget-wrap elementor-element-populated\">\n\t\t\t\t\t\t<div class=\"elementor-element elementor-element-99d7f7f elementor-invisible elementor-widget elementor-widget-rt-team\" data-id=\"99d7f7f\" data-element_type=\"widget\" data-e-type=\"widget\" data-widget_type=\"rt-team.default\">\n\t\t\t\t<div class=\"elementor-widget-container\">\n\t\t\t\t\t<div class=\"team-default team-multi-layout-5 team-grid-style6\">\r\n\t<div class=\"row auto-clear\">\r\n\t\t\t\t\t\t<div class=\"col-lg-4 col-md-6 col-sm-6 col-12 col-12\" >\r\n\t\t\t\t\t<div class=\"rtin-item\">\r\n\t\t\t\t\t\t<div class=\"rtin-content-wrap rt-animate wow fadeInUp\" data-wow-delay=\"0.2s\" data-wow-duration=\"0.8s\">\r\n\t\t\t\t\t\t\t<div class=\"rtin-thums\">\r\n\t\t\t\t\t\t\t<a href=\"https:\/\/iparc.ca\/en\/team\/laurent-pohe-tokpa\/\">\r\n\t\t\t\t\t\t\t\t<img fetchpriority=\"high\" decoding=\"async\" width=\"397\" height=\"397\" src=\"https:\/\/iparc.ca\/wp-content\/uploads\/2025\/04\/Laurent2.jpg\" class=\"attachment-full size-full wp-post-image\" alt=\"Laurent Poh\u00e9 Tokpa\" srcset=\"https:\/\/iparc.ca\/wp-content\/uploads\/2025\/04\/Laurent2.jpg 397w, https:\/\/iparc.ca\/wp-content\/uploads\/2025\/04\/Laurent2-300x300.jpg 300w, https:\/\/iparc.ca\/wp-content\/uploads\/2025\/04\/Laurent2-155x155.jpg 155w, https:\/\/iparc.ca\/wp-content\/uploads\/2025\/04\/Laurent2-150x150.jpg 150w, https:\/\/iparc.ca\/wp-content\/uploads\/2025\/04\/Laurent2-380x380.jpg 380w\" sizes=\"(max-width: 397px) 100vw, 397px\" \/>\t\t\t\t\t\t\t<\/a>\r\n\t\t\t\t\t\t\t\t\t\t\t\t\t\t\t\t\t<ul class=\"rtin-social\">\r\n\t\t\t\t\t\t\t\t\t\t<li>\r\n\t\t\t\t\t\t\t\t\t\t\t<a href=\"#\"><i class=\"fas fa-share-alt\"><\/i><\/a>\r\n\t\t\t\t\t\t\t\t\t\t\t<ul class=\"rtin-social-icon\">\r\n\t\t\t\t\t\t\t\t\t\t\t\t\t\t\t\t\t\t\t\t\t\t\t\t\t\t\t\t\t\t\t\t\t\t\t\t\t\t\t\t\t\t\t\t\t\t\t\t\t\t\t\t\t\t\t\t\t\t\t\t\t\t\t\t\t\t\t\t\t\t\t\t\t\t\t\t\t\t\t\t\t\t\t\t\t\t\t\t\t\t\t\t\t\t\t\t\t\t\t\t\t\t\t\t\t\t\t\t\t\t\t\t\t\t\t\t\t\t\t\t\t\t\t\t\t\t\t\t\t\t\t\t\t\t\t\t\t\t\t\t\t\t\t\t\t\t\t\t\t\t\t\t\t\t\t\t\t\t\t\t\t\t\t\t\t\t\t\t\t\t\t\t\t\t\t\t\t\t\t\t\t\t\t\t\t\t\t\t\t\t\t\t\t\t\t\t\t\t\t\t\t\t\t\t\t\t\t\t\t\t\t\t\t\t\t\t\t\t\t\t\t\t\t\t\t\t\t\t\t\t\t\t\t\t\t\t\t\t\t\t\t\t\t\t\t\t\t\t\t\t\t\t\t\t\t\t\t\t\t\t\t\t\t\t\t\t\t\t\t\t\t\t\t\t\t\t\t\t\t\t\t\t\t\t\t\t\t\t\t\t\t\t\t\t\t\t\t\t\t\t\t\t\t\t\t\t\t\t\t\t\t\t\t\t\t\t\t\t\t\t\t\t\t<\/ul>\r\n\t\t\t\t\t\t\t\t\t\t<\/li>\r\n\t\t\t\t\t\t\t\t\t<\/ul>\r\n\t\t\t\t\t\t\t\t\t\t\t\t\t\t\t<\/div>\r\n\t\t\t\t\t\t\t<div class=\"mask-wrap\">\r\n\t\t\t\t\t\t\t\t<div class=\"rtin-content\">\r\n\t\t\t\t\t\t\t\t\t<h3 class=\"rtin-title\"><a href=\"https:\/\/iparc.ca\/en\/team\/laurent-pohe-tokpa\/\">Laurent Poh\u00e9 Tokpa<\/a><\/h3>\r\n\t\t\t\t\t\t\t\t\t\t\t\t\t\t\t\t\t\t\t<div class=\"rtin-designation\">Accounts Receivable Assistant<\/div>\r\n\t\t\t\t\t\t\t\t\t\t\t\t\t\t\t\t\t\t\t\r\n\t\t\t\t\t\t\t\t<\/div>\r\n\t\t\t\t\t\t\t<\/div>\r\n\t\t\t\t\t\t<\/div>\r\n\t\t\t\t\t<\/div>\r\n\t\t\t\t<\/div>\r\n\t\t\t\t\t\t\t<div class=\"col-lg-4 col-md-6 col-sm-6 col-12 col-12\" >\r\n\t\t\t\t\t<div class=\"rtin-item\">\r\n\t\t\t\t\t\t<div class=\"rtin-content-wrap rt-animate wow fadeInUp\" data-wow-delay=\"0.4s\" data-wow-duration=\"1s\">\r\n\t\t\t\t\t\t\t<div class=\"rtin-thums\">\r\n\t\t\t\t\t\t\t<a href=\"https:\/\/iparc.ca\/en\/team\/gerry-3-2\/\">\r\n\t\t\t\t\t\t\t\t<img decoding=\"async\" width=\"1080\" height=\"1616\" src=\"https:\/\/iparc.ca\/wp-content\/uploads\/2022\/01\/Maroua.jpg\" class=\"attachment-full size-full wp-post-image\" alt=\"\" srcset=\"https:\/\/iparc.ca\/wp-content\/uploads\/2022\/01\/Maroua.jpg 1080w, https:\/\/iparc.ca\/wp-content\/uploads\/2022\/01\/Maroua-105x157.jpg 105w, https:\/\/iparc.ca\/wp-content\/uploads\/2022\/01\/Maroua-600x898.jpg 600w, https:\/\/iparc.ca\/wp-content\/uploads\/2022\/01\/Maroua-200x300.jpg 200w, https:\/\/iparc.ca\/wp-content\/uploads\/2022\/01\/Maroua-684x1024.jpg 684w, https:\/\/iparc.ca\/wp-content\/uploads\/2022\/01\/Maroua-768x1149.jpg 768w, https:\/\/iparc.ca\/wp-content\/uploads\/2022\/01\/Maroua-1027x1536.jpg 1027w\" sizes=\"(max-width: 1080px) 100vw, 1080px\" \/>\t\t\t\t\t\t\t<\/a>\r\n\t\t\t\t\t\t\t\t\t\t\t\t\t\t\t\t\t<ul class=\"rtin-social\">\r\n\t\t\t\t\t\t\t\t\t\t<li>\r\n\t\t\t\t\t\t\t\t\t\t\t<a href=\"#\"><i class=\"fas fa-share-alt\"><\/i><\/a>\r\n\t\t\t\t\t\t\t\t\t\t\t<ul class=\"rtin-social-icon\">\r\n\t\t\t\t\t\t\t\t\t\t\t\t\t\t\t\t\t\t\t\t\t\t\t\t\t\t\t\t\t\t\t\t\t\t\t\t\t\t\t\t\t\t\t\t\t\t\t\t\t\t\t\t\t\t\t\t\t\t\t\t\t\t\t\t\t\t\t\t\t\t\t\t\t\t\t\t\t\t\t\t\t\t\t\t\t\t\t\t\t\t\t\t\t\t\t\t\t\t\t\t\t\t\t\t\t\t\t\t\t\t\t\t\t\t\t\t\t\t\t\t\t\t\t\t\t\t\t\t\t\t\t\t\t\t\t\t\t\t\t\t\t\t\t\t\t\t\t\t\t\t\t\t\t\t\t\t\t\t\t\t\t\t\t\t\t\t\t\t\t\t\t\t\t\t\t\t\t\t\t\t\t\t\t\t\t\t\t\t\t\t\t\t\t\t\t\t\t\t\t\t\t\t\t\t\t\t\t\t\t\t\t\t\t\t\t\t\t\t\t\t\t\t\t\t\t\t\t\t\t\t\t\t\t\t\t\t\t\t\t\t\t\t\t\t\t\t\t\t\t\t\t\t\t\t\t\t\t\t\t\t\t\t\t\t\t\t\t\t\t\t\t\t\t\t\t\t\t\t\t\t\t\t\t\t\t\t\t\t\t\t\t\t\t\t\t\t\t\t\t\t\t\t\t\t\t\t\t\t\t\t\t\t\t\t\t\t\t\t\t\t\t\t\t<\/ul>\r\n\t\t\t\t\t\t\t\t\t\t<\/li>\r\n\t\t\t\t\t\t\t\t\t<\/ul>\r\n\t\t\t\t\t\t\t\t\t\t\t\t\t\t\t<\/div>\r\n\t\t\t\t\t\t\t<div class=\"mask-wrap\">\r\n\t\t\t\t\t\t\t\t<div class=\"rtin-content\">\r\n\t\t\t\t\t\t\t\t\t<h3 class=\"rtin-title\"><a href=\"https:\/\/iparc.ca\/en\/team\/gerry-3-2\/\">Maroua Kanouni<\/a><\/h3>\r\n\t\t\t\t\t\t\t\t\t\t\t\t\t\t\t\t\t\t\t<div class=\"rtin-designation\">Administrative Assistant<\/div>\r\n\t\t\t\t\t\t\t\t\t\t\t\t\t\t\t\t\t\t\t\r\n\t\t\t\t\t\t\t\t<\/div>\r\n\t\t\t\t\t\t\t<\/div>\r\n\t\t\t\t\t\t<\/div>\r\n\t\t\t\t\t<\/div>\r\n\t\t\t\t<\/div>\r\n\t\t\t\t\t\t\t<div class=\"col-lg-4 col-md-6 col-sm-6 col-12 col-12\" >\r\n\t\t\t\t\t<div class=\"rtin-item\">\r\n\t\t\t\t\t\t<div class=\"rtin-content-wrap rt-animate wow fadeInUp\" data-wow-delay=\"0.6s\" data-wow-duration=\"1.2s\">\r\n\t\t\t\t\t\t\t<div class=\"rtin-thums\">\r\n\t\t\t\t\t\t\t<a href=\"https:\/\/iparc.ca\/en\/team\/monica-payant\/\">\r\n\t\t\t\t\t\t\t\t<img decoding=\"async\" width=\"756\" height=\"667\" src=\"https:\/\/iparc.ca\/wp-content\/uploads\/2022\/01\/Monica.jpg\" class=\"attachment-full size-full wp-post-image\" alt=\"\" srcset=\"https:\/\/iparc.ca\/wp-content\/uploads\/2022\/01\/Monica.jpg 756w, https:\/\/iparc.ca\/wp-content\/uploads\/2022\/01\/Monica-155x137.jpg 155w, https:\/\/iparc.ca\/wp-content\/uploads\/2022\/01\/Monica-600x529.jpg 600w, https:\/\/iparc.ca\/wp-content\/uploads\/2022\/01\/Monica-300x265.jpg 300w\" sizes=\"(max-width: 756px) 100vw, 756px\" \/>\t\t\t\t\t\t\t<\/a>\r\n\t\t\t\t\t\t\t\t\t\t\t\t\t\t\t\t\t<ul class=\"rtin-social\">\r\n\t\t\t\t\t\t\t\t\t\t<li>\r\n\t\t\t\t\t\t\t\t\t\t\t<a href=\"#\"><i class=\"fas fa-share-alt\"><\/i><\/a>\r\n\t\t\t\t\t\t\t\t\t\t\t<ul class=\"rtin-social-icon\">\r\n\t\t\t\t\t\t\t\t\t\t\t\t\t\t\t\t\t\t\t\t\t\t\t\t\t\t\t\t\t\t\t\t\t\t\t\t\t\t\t\t\t\t\t\t\t\t\t\t\t\t\t\t\t\t\t\t\t\t\t\t\t\t\t\t\t\t\t\t\t\t\t\t\t\t\t\t\t\t\t\t\t\t\t\t\t\t\t\t\t\t\t\t\t\t\t\t\t\t\t\t\t\t\t\t\t\t\t\t\t\t\t\t\t\t\t\t\t\t\t\t\t\t\t\t\t\t\t\t\t\t\t\t\t\t\t\t\t\t\t\t\t\t\t\t\t\t\t\t\t\t\t\t\t\t\t\t\t\t\t\t\t\t\t\t\t\t\t\t\t\t\t\t\t\t\t\t\t\t\t\t\t\t\t\t\t\t\t\t\t\t\t\t\t\t\t\t\t\t\t\t\t\t\t\t\t\t\t\t\t\t\t\t\t\t\t\t\t\t\t\t\t\t\t\t\t\t\t\t\t\t\t\t\t\t\t\t\t\t\t\t\t\t\t\t\t\t\t\t\t\t\t\t\t\t\t\t\t\t\t\t\t\t\t\t\t\t\t\t\t\t\t\t\t\t\t\t\t\t\t\t\t\t\t\t\t\t\t\t\t\t\t\t\t\t\t\t\t\t\t\t\t\t\t\t\t\t\t\t\t\t\t\t\t\t\t\t\t\t\t\t\t\t\t<\/ul>\r\n\t\t\t\t\t\t\t\t\t\t<\/li>\r\n\t\t\t\t\t\t\t\t\t<\/ul>\r\n\t\t\t\t\t\t\t\t\t\t\t\t\t\t\t<\/div>\r\n\t\t\t\t\t\t\t<div class=\"mask-wrap\">\r\n\t\t\t\t\t\t\t\t<div class=\"rtin-content\">\r\n\t\t\t\t\t\t\t\t\t<h3 class=\"rtin-title\"><a href=\"https:\/\/iparc.ca\/en\/team\/monica-payant\/\">Monica  Payant<\/a><\/h3>\r\n\t\t\t\t\t\t\t\t\t\t\t\t\t\t\t\t\t\t\t<div class=\"rtin-designation\">Property Manager<\/div>\r\n\t\t\t\t\t\t\t\t\t\t\t\t\t\t\t\t\t\t\t\r\n\t\t\t\t\t\t\t\t<\/div>\r\n\t\t\t\t\t\t\t<\/div>\r\n\t\t\t\t\t\t<\/div>\r\n\t\t\t\t\t<\/div>\r\n\t\t\t\t<\/div>\r\n\t\t\t\t\t\t\t<div class=\"col-lg-4 col-md-6 col-sm-6 col-12 col-12\" >\r\n\t\t\t\t\t<div class=\"rtin-item\">\r\n\t\t\t\t\t\t<div class=\"rtin-content-wrap rt-animate wow fadeInUp\" data-wow-delay=\"0.8s\" data-wow-duration=\"1.4s\">\r\n\t\t\t\t\t\t\t<div class=\"rtin-thums\">\r\n\t\t\t\t\t\t\t<a href=\"https:\/\/iparc.ca\/en\/team\/virginie-deus\/\">\r\n\t\t\t\t\t\t\t\t<img loading=\"lazy\" decoding=\"async\" width=\"1920\" height=\"1920\" src=\"https:\/\/iparc.ca\/wp-content\/uploads\/2022\/01\/Virginie-assise2.jpg\" class=\"attachment-full size-full wp-post-image\" alt=\"\" srcset=\"https:\/\/iparc.ca\/wp-content\/uploads\/2022\/01\/Virginie-assise2.jpg 1920w, https:\/\/iparc.ca\/wp-content\/uploads\/2022\/01\/Virginie-assise2-300x300.jpg 300w, https:\/\/iparc.ca\/wp-content\/uploads\/2022\/01\/Virginie-assise2-155x155.jpg 155w, https:\/\/iparc.ca\/wp-content\/uploads\/2022\/01\/Virginie-assise2-600x600.jpg 600w, https:\/\/iparc.ca\/wp-content\/uploads\/2022\/01\/Virginie-assise2-1024x1024.jpg 1024w, https:\/\/iparc.ca\/wp-content\/uploads\/2022\/01\/Virginie-assise2-150x150.jpg 150w, https:\/\/iparc.ca\/wp-content\/uploads\/2022\/01\/Virginie-assise2-768x768.jpg 768w, https:\/\/iparc.ca\/wp-content\/uploads\/2022\/01\/Virginie-assise2-1536x1536.jpg 1536w, https:\/\/iparc.ca\/wp-content\/uploads\/2022\/01\/Virginie-assise2-380x380.jpg 380w\" sizes=\"(max-width: 1920px) 100vw, 1920px\" \/>\t\t\t\t\t\t\t<\/a>\r\n\t\t\t\t\t\t\t\t\t\t\t\t\t\t\t\t\t<ul class=\"rtin-social\">\r\n\t\t\t\t\t\t\t\t\t\t<li>\r\n\t\t\t\t\t\t\t\t\t\t\t<a href=\"#\"><i class=\"fas fa-share-alt\"><\/i><\/a>\r\n\t\t\t\t\t\t\t\t\t\t\t<ul class=\"rtin-social-icon\">\r\n\t\t\t\t\t\t\t\t\t\t\t\t\t\t\t\t\t\t\t\t\t\t\t\t\t\t\t\t\t\t\t\t\t\t\t\t\t\t\t\t\t\t\t\t\t\t\t\t\t\t\t\t\t\t\t\t\t\t\t\t\t\t\t\t\t\t\t\t\t\t\t\t\t\t\t\t\t\t\t\t\t\t\t\t\t\t\t\t\t<li><a target=\"_blank\" href=\"https:\/\/www.linkedin.com\/in\/virginie-deus-9ab639171\/\"><i class=\"fab fa-linkedin-in\" aria-hidden=\"true\"><\/i><\/a><\/li>\r\n\t\t\t\t\t\t\t\t\t\t\t\t\t\t\t\t\t\t\t\t\t\t\t\t\t\t\t\t\t\t\t\t\t\t\t\t\t\t\t\t\t\t\t\t\t\t\t\t\t\t\t\t\t\t\t\t\t\t\t\t\t\t\t\t\t\t\t\t\t\t\t\t\t\t\t\t\t\t\t\t\t\t\t\t\t\t\t\t\t\t\t\t\t\t\t\t\t\t\t\t\t\t\t\t\t\t\t\t\t\t\t\t\t\t\t\t\t\t\t\t\t\t\t\t\t\t\t\t\t\t\t\t\t\t\t\t\t\t\t\t\t\t\t\t\t\t\t\t\t\t\t\t\t\t\t\t\t\t\t\t\t\t\t\t\t\t\t\t\t\t\t\t\t\t\t\t\t\t\t\t\t\t\t\t\t\t\t\t\t\t\t\t\t\t\t\t\t\t\t\t\t\t\t\t\t\t\t\t\t\t\t\t\t\t\t\t\t\t\t\t\t\t\t\t\t\t\t\t\t\t\t\t\t\t\t\t\t\t\t\t\t\t\t\t\t\t\t\t\t\t\t\t\t\t\t\t\t\t\t\t\t<\/ul>\r\n\t\t\t\t\t\t\t\t\t\t<\/li>\r\n\t\t\t\t\t\t\t\t\t<\/ul>\r\n\t\t\t\t\t\t\t\t\t\t\t\t\t\t\t<\/div>\r\n\t\t\t\t\t\t\t<div class=\"mask-wrap\">\r\n\t\t\t\t\t\t\t\t<div class=\"rtin-content\">\r\n\t\t\t\t\t\t\t\t\t<h3 class=\"rtin-title\"><a href=\"https:\/\/iparc.ca\/en\/team\/virginie-deus\/\">Virginie  Deus<\/a><\/h3>\r\n\t\t\t\t\t\t\t\t\t\t\t\t\t\t\t\t\t\t\t<div class=\"rtin-designation\">Founding President<\/div>\r\n\t\t\t\t\t\t\t\t\t\t\t\t\t\t\t\t\t\t\t\r\n\t\t\t\t\t\t\t\t<\/div>\r\n\t\t\t\t\t\t\t<\/div>\r\n\t\t\t\t\t\t<\/div>\r\n\t\t\t\t\t<\/div>\r\n\t\t\t\t<\/div>\r\n\t\t\t\t\t\t\t\t<\/div>\r\n\t\t<\/div>\t\t\t\t<\/div>\n\t\t\t\t<\/div>\n\t\t\t\t\t<\/div>\n\t\t<\/div>\n\t\t\t\t\t<\/div>\n\t\t<\/section>\n\t\t\t\t<\/div>","protected":false},"excerpt":{"rendered":"<p>LES MEMBRES DE NOTRE \u00c9QUIPE Rencontrez notre \u00e9quipe d\u00e9vou\u00e9e Derri\u00e8re chaque projet, une \u00e9quipe passionn\u00e9e, exp\u00e9riment\u00e9e et \u00e0 l\u2019\u00e9coute. D\u00e9couvrez les professionnels qui font de Gestion iParc un partenaire de confiance. Maroua Kanouni It Specialist Monica Payant Marketing Specialist Virginie Deus Tax Advisor Vitaliy Frin Marketing Specialist<\/p>","protected":false},"author":1,"featured_media":8261,"parent":0,"menu_order":0,"comment_status":"closed","ping_status":"closed","template":"elementor_header_footer","meta":{"_acf_changed":false,"footnotes":""},"class_list":["post-7567","page","type-page","status-publish","has-post-thumbnail","hentry"],"acf":[],"yoast_head":"<!-- This site is optimized with the Yoast SEO plugin v27.2 - https:\/\/yoast.com\/product\/yoast-seo-wordpress\/ -->\n<title>Notre \u00e9quipe - Gestion iParc<\/title>\n<meta name=\"description\" content=\"Rencontrez notre \u00e9quipe d\u00e9vou\u00e9e, exp\u00e9riment\u00e9e et \u00e0 l\u2019\u00e9coute qui font de Gestion iParc un partenaire de confiance.\" \/>\n<meta name=\"robots\" content=\"index, follow, max-snippet:-1, max-image-preview:large, max-video-preview:-1\" \/>\n<link rel=\"canonical\" href=\"https:\/\/iparc.ca\/en\/notre-equipe\/\" \/>\n<meta property=\"og:locale\" content=\"en_US\" \/>\n<meta property=\"og:type\" content=\"article\" \/>\n<meta property=\"og:title\" content=\"Notre \u00e9quipe - Gestion iParc\" \/>\n<meta property=\"og:description\" content=\"Rencontrez notre \u00e9quipe d\u00e9vou\u00e9e, exp\u00e9riment\u00e9e et \u00e0 l\u2019\u00e9coute qui font de Gestion iParc un partenaire de confiance.\" \/>\n<meta property=\"og:url\" content=\"https:\/\/iparc.ca\/en\/notre-equipe\/\" \/>\n<meta property=\"og:site_name\" content=\"Gestion iParc\" \/>\n<meta property=\"article:publisher\" content=\"https:\/\/web.facebook.com\/gestion.iparc\" \/>\n<meta property=\"article:modified_time\" content=\"2025-04-28T21:50:12+00:00\" \/>\n<meta property=\"og:image\" content=\"https:\/\/iparc.ca\/wp-content\/uploads\/2025\/04\/Untitled.jpg\" \/>\n\t<meta property=\"og:image:width\" content=\"140\" \/>\n\t<meta property=\"og:image:height\" content=\"125\" \/>\n\t<meta property=\"og:image:type\" content=\"image\/jpeg\" \/>\n<meta name=\"twitter:card\" content=\"summary_large_image\" \/>\n<meta name=\"twitter:label1\" content=\"Est. reading time\" \/>\n\t<meta name=\"twitter:data1\" content=\"2 minutes\" \/>\n<script type=\"application\/ld+json\" class=\"yoast-schema-graph\">{\"@context\":\"https:\/\/schema.org\",\"@graph\":[{\"@type\":\"WebPage\",\"@id\":\"https:\/\/iparc.ca\/notre-equipe\/\",\"url\":\"https:\/\/iparc.ca\/notre-equipe\/\",\"name\":\"Notre \u00e9quipe - Gestion iParc\",\"isPartOf\":{\"@id\":\"https:\/\/iparc.ca\/#website\"},\"primaryImageOfPage\":{\"@id\":\"https:\/\/iparc.ca\/notre-equipe\/#primaryimage\"},\"image\":{\"@id\":\"https:\/\/iparc.ca\/notre-equipe\/#primaryimage\"},\"thumbnailUrl\":\"https:\/\/iparc.ca\/wp-content\/uploads\/2025\/04\/Untitled.jpg\",\"datePublished\":\"2022-02-07T04:05:11+00:00\",\"dateModified\":\"2025-04-28T21:50:12+00:00\",\"description\":\"Rencontrez notre \u00e9quipe d\u00e9vou\u00e9e, exp\u00e9riment\u00e9e et \u00e0 l\u2019\u00e9coute qui font de Gestion iParc un partenaire de confiance.\",\"breadcrumb\":{\"@id\":\"https:\/\/iparc.ca\/notre-equipe\/#breadcrumb\"},\"inLanguage\":\"en-CA\",\"potentialAction\":[{\"@type\":\"ReadAction\",\"target\":[\"https:\/\/iparc.ca\/notre-equipe\/\"]}]},{\"@type\":\"ImageObject\",\"inLanguage\":\"en-CA\",\"@id\":\"https:\/\/iparc.ca\/notre-equipe\/#primaryimage\",\"url\":\"https:\/\/iparc.ca\/wp-content\/uploads\/2025\/04\/Untitled.jpg\",\"contentUrl\":\"https:\/\/iparc.ca\/wp-content\/uploads\/2025\/04\/Untitled.jpg\",\"width\":140,\"height\":125},{\"@type\":\"BreadcrumbList\",\"@id\":\"https:\/\/iparc.ca\/notre-equipe\/#breadcrumb\",\"itemListElement\":[{\"@type\":\"ListItem\",\"position\":1,\"name\":\"Home\",\"item\":\"https:\/\/iparc.ca\/\"},{\"@type\":\"ListItem\",\"position\":2,\"name\":\"Notre \u00e9quipe\"}]},{\"@type\":\"WebSite\",\"@id\":\"https:\/\/iparc.ca\/#website\",\"url\":\"https:\/\/iparc.ca\/\",\"name\":\"Gestion Iparc\",\"description\":\"Gestion immobili\u00e8re \u00e0 Montr\u00e9al\",\"publisher\":{\"@id\":\"https:\/\/iparc.ca\/#organization\"},\"potentialAction\":[{\"@type\":\"SearchAction\",\"target\":{\"@type\":\"EntryPoint\",\"urlTemplate\":\"https:\/\/iparc.ca\/?s={search_term_string}\"},\"query-input\":{\"@type\":\"PropertyValueSpecification\",\"valueRequired\":true,\"valueName\":\"search_term_string\"}}],\"inLanguage\":\"en-CA\"},{\"@type\":\"Organization\",\"@id\":\"https:\/\/iparc.ca\/#organization\",\"name\":\"Gestion Iparc\",\"url\":\"https:\/\/iparc.ca\/\",\"logo\":{\"@type\":\"ImageObject\",\"inLanguage\":\"en-CA\",\"@id\":\"https:\/\/iparc.ca\/#\/schema\/logo\/image\/\",\"url\":\"https:\/\/iparc.ca\/wp-content\/uploads\/2025\/04\/Untitled.jpg\",\"contentUrl\":\"https:\/\/iparc.ca\/wp-content\/uploads\/2025\/04\/Untitled.jpg\",\"width\":140,\"height\":125,\"caption\":\"Gestion Iparc\"},\"image\":{\"@id\":\"https:\/\/iparc.ca\/#\/schema\/logo\/image\/\"},\"sameAs\":[\"https:\/\/web.facebook.com\/gestion.iparc\"]}]}<\/script>\n<!-- \/ Yoast SEO plugin. -->","yoast_head_json":{"title":"Notre \u00e9quipe - Gestion iParc","description":"Rencontrez notre \u00e9quipe d\u00e9vou\u00e9e, exp\u00e9riment\u00e9e et \u00e0 l\u2019\u00e9coute qui font de Gestion iParc un partenaire de confiance.","robots":{"index":"index","follow":"follow","max-snippet":"max-snippet:-1","max-image-preview":"max-image-preview:large","max-video-preview":"max-video-preview:-1"},"canonical":"https:\/\/iparc.ca\/en\/notre-equipe\/","og_locale":"en_US","og_type":"article","og_title":"Notre \u00e9quipe - Gestion iParc","og_description":"Rencontrez notre \u00e9quipe d\u00e9vou\u00e9e, exp\u00e9riment\u00e9e et \u00e0 l\u2019\u00e9coute qui font de Gestion iParc un partenaire de confiance.","og_url":"https:\/\/iparc.ca\/en\/notre-equipe\/","og_site_name":"Gestion iParc","article_publisher":"https:\/\/web.facebook.com\/gestion.iparc","article_modified_time":"2025-04-28T21:50:12+00:00","og_image":[{"width":140,"height":125,"url":"https:\/\/iparc.ca\/wp-content\/uploads\/2025\/04\/Untitled.jpg","type":"image\/jpeg"}],"twitter_card":"summary_large_image","twitter_misc":{"Est. reading time":"2 minutes"},"schema":{"@context":"https:\/\/schema.org","@graph":[{"@type":"WebPage","@id":"https:\/\/iparc.ca\/notre-equipe\/","url":"https:\/\/iparc.ca\/notre-equipe\/","name":"Notre \u00e9quipe - Gestion iParc","isPartOf":{"@id":"https:\/\/iparc.ca\/#website"},"primaryImageOfPage":{"@id":"https:\/\/iparc.ca\/notre-equipe\/#primaryimage"},"image":{"@id":"https:\/\/iparc.ca\/notre-equipe\/#primaryimage"},"thumbnailUrl":"https:\/\/iparc.ca\/wp-content\/uploads\/2025\/04\/Untitled.jpg","datePublished":"2022-02-07T04:05:11+00:00","dateModified":"2025-04-28T21:50:12+00:00","description":"Rencontrez notre \u00e9quipe d\u00e9vou\u00e9e, exp\u00e9riment\u00e9e et \u00e0 l\u2019\u00e9coute qui font de Gestion iParc un partenaire de confiance.","breadcrumb":{"@id":"https:\/\/iparc.ca\/notre-equipe\/#breadcrumb"},"inLanguage":"en-CA","potentialAction":[{"@type":"ReadAction","target":["https:\/\/iparc.ca\/notre-equipe\/"]}]},{"@type":"ImageObject","inLanguage":"en-CA","@id":"https:\/\/iparc.ca\/notre-equipe\/#primaryimage","url":"https:\/\/iparc.ca\/wp-content\/uploads\/2025\/04\/Untitled.jpg","contentUrl":"https:\/\/iparc.ca\/wp-content\/uploads\/2025\/04\/Untitled.jpg","width":140,"height":125},{"@type":"BreadcrumbList","@id":"https:\/\/iparc.ca\/notre-equipe\/#breadcrumb","itemListElement":[{"@type":"ListItem","position":1,"name":"Home","item":"https:\/\/iparc.ca\/"},{"@type":"ListItem","position":2,"name":"Notre \u00e9quipe"}]},{"@type":"WebSite","@id":"https:\/\/iparc.ca\/#website","url":"https:\/\/iparc.ca\/","name":"Gestion Iparc","description":"Gestion immobili\u00e8re \u00e0 Montr\u00e9al","publisher":{"@id":"https:\/\/iparc.ca\/#organization"},"potentialAction":[{"@type":"SearchAction","target":{"@type":"EntryPoint","urlTemplate":"https:\/\/iparc.ca\/?s={search_term_string}"},"query-input":{"@type":"PropertyValueSpecification","valueRequired":true,"valueName":"search_term_string"}}],"inLanguage":"en-CA"},{"@type":"Organization","@id":"https:\/\/iparc.ca\/#organization","name":"Gestion Iparc","url":"https:\/\/iparc.ca\/","logo":{"@type":"ImageObject","inLanguage":"en-CA","@id":"https:\/\/iparc.ca\/#\/schema\/logo\/image\/","url":"https:\/\/iparc.ca\/wp-content\/uploads\/2025\/04\/Untitled.jpg","contentUrl":"https:\/\/iparc.ca\/wp-content\/uploads\/2025\/04\/Untitled.jpg","width":140,"height":125,"caption":"Gestion Iparc"},"image":{"@id":"https:\/\/iparc.ca\/#\/schema\/logo\/image\/"},"sameAs":["https:\/\/web.facebook.com\/gestion.iparc"]}]}},"_links":{"self":[{"href":"https:\/\/iparc.ca\/en\/wp-json\/wp\/v2\/pages\/7567","targetHints":{"allow":["GET"]}}],"collection":[{"href":"https:\/\/iparc.ca\/en\/wp-json\/wp\/v2\/pages"}],"about":[{"href":"https:\/\/iparc.ca\/en\/wp-json\/wp\/v2\/types\/page"}],"author":[{"embeddable":true,"href":"https:\/\/iparc.ca\/en\/wp-json\/wp\/v2\/users\/1"}],"replies":[{"embeddable":true,"href":"https:\/\/iparc.ca\/en\/wp-json\/wp\/v2\/comments?post=7567"}],"version-history":[{"count":14,"href":"https:\/\/iparc.ca\/en\/wp-json\/wp\/v2\/pages\/7567\/revisions"}],"predecessor-version":[{"id":8924,"href":"https:\/\/iparc.ca\/en\/wp-json\/wp\/v2\/pages\/7567\/revisions\/8924"}],"wp:featuredmedia":[{"embeddable":true,"href":"https:\/\/iparc.ca\/en\/wp-json\/wp\/v2\/media\/8261"}],"wp:attachment":[{"href":"https:\/\/iparc.ca\/en\/wp-json\/wp\/v2\/media?parent=7567"}],"curies":[{"name":"wp","href":"https:\/\/api.w.org\/{rel}","templated":true}]}}