{"id":3,"date":"2021-09-30T03:00:36","date_gmt":"2021-09-30T03:00:36","guid":{"rendered":"https:\/\/iparc.ca\/?page_id=3"},"modified":"2025-05-16T09:16:58","modified_gmt":"2025-05-16T13:16:58","slug":"politique-de-confidentialite","status":"publish","type":"page","link":"https:\/\/iparc.ca\/en\/politique-de-confidentialite\/","title":{"rendered":"Politique de confidentialit\u00e9"},"content":{"rendered":"<div data-elementor-type=\"wp-page\" data-elementor-id=\"3\" class=\"elementor elementor-3\" data-elementor-post-type=\"page\">\n\t\t\t\t\t\t<section class=\"elementor-section elementor-top-section elementor-element elementor-element-784e1f74 elementor-section-boxed elementor-section-height-default elementor-section-height-default rt-parallax-bg-no\" data-id=\"784e1f74\" data-element_type=\"section\">\n\t\t\t\t\t\t<div class=\"elementor-container elementor-column-gap-default\">\n\t\t\t\t\t<div class=\"elementor-column elementor-col-100 elementor-top-column elementor-element elementor-element-4eda3bab\" data-id=\"4eda3bab\" data-element_type=\"column\">\n\t\t\t<div class=\"elementor-widget-wrap elementor-element-populated\">\n\t\t\t\t\t\t<div class=\"elementor-element elementor-element-7d04fdac elementor-widget elementor-widget-text-editor\" data-id=\"7d04fdac\" data-element_type=\"widget\" data-widget_type=\"text-editor.default\">\n\t\t\t\t<div class=\"elementor-widget-container\">\n\t\t\t\t\t\t\t\t\t\n<p class=\"western\" align=\"left\">Termes et Conditions<\/p>\n<p class=\"western\" align=\"left\">MODALIT\u00c9S ET CONDITIONS D&rsquo;UTILISATION DU SITE. Ce site est la propri\u00e9t\u00e9 de et contr\u00f4l\u00e9 par Gestion IParc Inc.. Vous \u00eates pri\u00e9s de prendre connaissance des modalit\u00e9s et conditions r\u00e9gissant l&rsquo;utilisation de ce site. En acc\u00e9dant \u00e0 ce site, vous acceptez de vous lier \u00e0 ces modalit\u00e9s et conditions, lesquelles peuvent \u00eatre modifi\u00e9es \u00e0 tout moment et sans pr\u00e9avis \u00e9crit par Gestion IParc Inc.. Le contenu int\u00e9gral, y compris, sans s&rsquo;y limiter, tous les textes, designs, ic\u00f4nes, photographies, codes et logiciels utilis\u00e9s ou int\u00e9gr\u00e9s \u00e0 ce site, ainsi que l&rsquo;organisation et la pr\u00e9sentation de son contenu sont des marques d\u00e9pos\u00e9es, des informations prot\u00e9g\u00e9es par le droit d&rsquo;auteur ou un autre droit de propri\u00e9t\u00e9 intellectuelle de Gestion IParc Inc.. Ce site Web peut incorporer des liens vers d&rsquo;autres sites. Gestion IParc Inc.. ne prend aucun engagement concernant tout site Internet auquel vous pourriez avoir acc\u00e8s via le sien, et se d\u00e9clare tout \u00e0 fait ind\u00e9pendant face \u00e0 ces sites. Gestion IParc Inc.. n&rsquo;exerce aucun contr\u00f4le sur le contenu de ces sites et la pr\u00e9sence de ces liens ne constitue d&rsquo;aucune fa\u00e7on son adh\u00e9sion aux autres sites Internet.<\/p>\n<p class=\"western\" align=\"left\">Vous acceptez que toute l\u2019information publi\u00e9e sur ce site soit offerte telle quelle, \u00e0 titre informatif, sans aucune garantie, en tout temps, quant \u00e0 son exactitude, y compris toute garantie implicite de qualit\u00e9, d&rsquo;adaptation \u00e0 un usage particulier et d&rsquo;absence de contrefa\u00e7on. Malgr\u00e9 tous les efforts raisonnables d\u00e9ploy\u00e9s pour assurer l&rsquo;exactitude et la mise \u00e0 jour du contenu de son site, Gestion IParc Inc.. n&rsquo;assume aucune responsabilit\u00e9 \u00e0 l&rsquo;\u00e9gard de l&rsquo;exactitude ou de la validit\u00e9 des d\u00e9clarations renferm\u00e9es dans les documents et \u00e9crits divers contenus sur ce site Web. Vous vous engagez \u00e0 utiliser ce site Web \u00e0 vos propres risques. Gestion IParc Inc.. ses soci\u00e9t\u00e9s affili\u00e9es ainsi que ses dirigeants, administrateurs, employ\u00e9s, agents, successeurs ou cessionnaires ne doivent en aucun cas \u00eatre tenus responsables de tous dommages, y compris et sans limitation, les dommages directs, indirects, sp\u00e9ciaux, ou cons\u00e9cutifs, qui pourraient r\u00e9sulter de l&rsquo;utilisation de ce site Web, m\u00eame si Gestion IParc Inc.. ou l&rsquo;une de ses soci\u00e9t\u00e9s affili\u00e9es a \u00e9t\u00e9 inform\u00e9e ou aurait d\u00fb \u00eatre inform\u00e9e de la possibilit\u00e9 de tels dommages.<\/p>\n<p class=\"western\" align=\"left\">Les pr\u00e9sentes modalit\u00e9s et conditions d&rsquo;utilisation de ce site sont r\u00e9gies et interpr\u00e9t\u00e9es conform\u00e9ment aux lois de la province de Qu\u00e9bec, nonobstant tout conflit de juridiction. Tout litige relatif \u00e0 ce site Web, aux modalit\u00e9s et conditions, ou \u00e0 toute transaction, incluant la vente d&rsquo;un produit, en utilisant ce site Web, sera r\u00e9gi par les lois de la province du Qu\u00e9bec.<\/p>\n<p class=\"western\" align=\"left\">Si vous avez des questions ou des commentaires, n&rsquo;h\u00e9sitez pas \u00e0 les adresser \u00e0 Virginie Deus.<\/p>\n<p class=\"western\" align=\"left\">Adresse du si\u00e8ge social : Gestion IParc Inc&#8230; 1418 AV. Aird Montr\u00e9al (Qu\u00e9bec) H1V 2V3, Canada<\/p>\n<p class=\"western\" align=\"left\">Gestion IParc Inc.. est enregistr\u00e9 au Registraire des entreprises du Qu\u00e9bec sous le num\u00e9ro d&rsquo;entreprise (NEQ): 1171444590 . Le site Web (y compris son contenu, les photos, et toute autre information comprise dans le texte) est la propri\u00e9t\u00e9 de Gestion IParc Inc.. et est prot\u00e9g\u00e9 par les lois canadiennes et internationales sur le droit d&rsquo;auteur. Toutes reproductions ou utilisation de ces \u00e9l\u00e9ments sont formellement interdites sans le consentement de Gestion IParc Inc..<\/p>\n<p class=\"western\" align=\"left\">Politique de confidentialit\u00e9<\/p>\n<p class=\"western\" align=\"left\">Nous nous engageons \u00e0 respecter la confidentialit\u00e9 de nos utilisateurs et nous prenons tr\u00e8s au s\u00e9rieux la protection de leurs donn\u00e9es personnelles. Cette politique de confidentialit\u00e9 explique comment nous collectons, utilisons et partageons les informations que nous recueillons via notre site web.<\/p>\n<p class=\"western\" align=\"left\">Collecte de donn\u00e9es personnelles<\/p>\n<p class=\"western\" align=\"left\">Nous ne collectons que les informations personnelles n\u00e9cessaires pour fournir nos services et pour r\u00e9pondre aux demandes des utilisateurs. Nous collectons les informations suivantes :<\/p>\n<ul>\n<li>\n<p class=\"western\" align=\"left\">Nom et pr\u00e9nom<\/p>\n<\/li>\n<li>\n<p class=\"western\" align=\"left\">Adresse e-mail<\/p>\n<\/li>\n<li>\n<p class=\"western\" align=\"left\">Adresse postale<\/p>\n<\/li>\n<li>\n<p class=\"western\" align=\"left\">Num\u00e9ro de t\u00e9l\u00e9phone<\/p>\n<\/li>\n<\/ul>\n<p class=\"western\" align=\"left\">Utilisation des donn\u00e9es personnelles. Nous n&rsquo;utilisons les donn\u00e9es personnelles collect\u00e9es que dans les cas suivants :<\/p>\n<ul>\n<li>\n<p class=\"western\" align=\"left\">Pour r\u00e9pondre aux demandes des utilisateurs<\/p>\n<\/li>\n<li>\n<p class=\"western\" align=\"left\">Pour traiter les paiements et effectuer les remboursements si n\u00e9cessaire<\/p>\n<\/li>\n<li>\n<p class=\"western\" align=\"left\">Pour envoyer des newsletters ou des offres promotionnelles si l&rsquo;utilisateur a donn\u00e9 son consentement<\/p>\n<\/li>\n<li>\n<p class=\"western\" align=\"left\">Pour am\u00e9liorer nos services et adapter notre site web aux besoins des utilisateurs<\/p>\n<\/li>\n<\/ul>\n<p class=\"western\" align=\"left\">Partage des donn\u00e9es personnelles<\/p>\n<p class=\"western\" align=\"left\">Nous ne partageons pas les donn\u00e9es personnelles de nos utilisateurs avec des tiers, sauf dans les cas suivants :<\/p>\n<ul>\n<li>\n<p class=\"western\" align=\"left\">Am\u00e9liorations pour ciblage publicitaire avec Google et Facebook<\/p>\n<\/li>\n<li>\n<p class=\"western\" align=\"left\">Si l&rsquo;utilisateur a donn\u00e9 son consentement<\/p>\n<\/li>\n<li>\n<p class=\"western\" align=\"left\">Si la loi l&rsquo;exige ou si une autorit\u00e9 gouvernementale nous demande de fournir des informations<\/p>\n<\/li>\n<\/ul>\n<p class=\"western\" align=\"left\">Cookies<\/p>\n<p class=\"western\" align=\"left\">Nous utilisons des cookies pour am\u00e9liorer l&rsquo;exp\u00e9rience utilisateur sur notre site web. Les cookies sont de petits fichiers texte qui sont stock\u00e9s sur le disque dur de l&rsquo;utilisateur. Les cookies que nous utilisons ne contiennent pas d&rsquo;informations personnelles identifiables.<\/p>\n<p class=\"western\" align=\"left\">S\u00e9curit\u00e9 des donn\u00e9es personnelles<\/p>\n<p class=\"western\" align=\"left\">Nous prenons des mesures de s\u00e9curit\u00e9 appropri\u00e9es pour prot\u00e9ger les donn\u00e9es personnelles de nos utilisateurs contre toute utilisation non autoris\u00e9e, modification ou destruction. Nous utilisons des protocoles de s\u00e9curit\u00e9 pour prot\u00e9ger les informations sensibles transmises en ligne.<\/p>\n<p class=\"western\" align=\"left\">Droits des utilisateurs<\/p>\n<p class=\"western\" align=\"left\">Les utilisateurs ont le droit de :<\/p>\n<ul>\n<li>\n<p class=\"western\" align=\"left\">Acc\u00e9der aux donn\u00e9es personnelles que nous avons collect\u00e9es \u00e0 leur sujet<\/p>\n<\/li>\n<li>\n<p class=\"western\" align=\"left\">Demander la correction de leurs donn\u00e9es personnelles<\/p>\n<\/li>\n<li>\n<p class=\"western\" align=\"left\">Demander la suppression de leurs donn\u00e9es personnelles<\/p>\n<\/li>\n<li>\n<p class=\"western\" align=\"left\">S&rsquo;opposer \u00e0 l&rsquo;utilisation de leurs donn\u00e9es personnelles \u00e0 des fins de marketing direct<\/p>\n<\/li>\n<li>\n<p class=\"western\" align=\"left\">Modifications de la politique de confidentialit\u00e9<\/p>\n<\/li>\n<li>\n<p class=\"western\" align=\"left\">Nous pouvons mettre \u00e0 jour cette politique de confidentialit\u00e9 de temps \u00e0 autre. Nous encourageons les utilisateurs \u00e0 consulter r\u00e9guli\u00e8rement cette page pour prendre connaissance des \u00e9ventuelles modifications.<\/p>\n<\/li>\n<li>\n<p class=\"western\" align=\"left\">Si vous avez des questions ou des pr\u00e9occupations concernant notre politique de confidentialit\u00e9, n&rsquo;h\u00e9sitez pas \u00e0 nous contacter.<\/p>\n<\/li>\n<\/ul>\n<p class=\"western\" align=\"left\">La personne responsable de la protection des renseignements personnels est Virginie Deus au 514-510-1151<\/p>\n<p class=\"western\" align=\"left\">Gestion IParc Inc.. met en \u0153uvre diff\u00e9rentes proc\u00e9dures internes afin d\u2019assurer la protection des renseignements personnels. L\u2019objectif de ces mesures est de rehausser la protection des renseignements qui sont collig\u00e9s par l\u2019entreprise afin d\u2019en pr\u00e9server le caract\u00e8re confidentiel. Nos mesures de s\u00e9curit\u00e9 sont constamment am\u00e9lior\u00e9es et mises \u00e0 jour. Si vous avez des questions ou des plaintes \u00e0 l\u2019\u00e9gard de nos pratiques sur les renseignements personnels, veuillez nous en informer en communiquant avec nous par courriel \u00e0 l\u2019adresse: <span style=\"font-size: small;\">immobilier@iparc.ca<\/span> ou par t\u00e9l\u00e9phone au 514-510-1151 en s\u2019adressant \u00e0 Virginie Deus.<\/p>\n\t\t\t\t\t\t\t\t<\/div>\n\t\t\t\t<\/div>\n\t\t\t\t\t<\/div>\n\t\t<\/div>\n\t\t\t\t\t<\/div>\n\t\t<\/section>\n\t\t\t\t<\/div>","protected":false},"excerpt":{"rendered":"<p>Termes et Conditions MODALIT\u00c9S ET CONDITIONS D&rsquo;UTILISATION DU SITE. Ce site est la propri\u00e9t\u00e9 de et contr\u00f4l\u00e9 par Gestion IParc Inc.. Vous \u00eates pri\u00e9s de prendre connaissance des modalit\u00e9s et conditions r\u00e9gissant l&rsquo;utilisation de ce site. En acc\u00e9dant \u00e0 ce site, vous acceptez de vous lier \u00e0 ces modalit\u00e9s et conditions, lesquelles peuvent \u00eatre modifi\u00e9es [&hellip;]<\/p>\n","protected":false},"author":1,"featured_media":0,"parent":0,"menu_order":0,"comment_status":"closed","ping_status":"closed","template":"","meta":{"_acf_changed":false,"footnotes":""},"class_list":["post-3","page","type-page","status-publish","hentry"],"acf":[],"yoast_head":"<!-- This site is optimized with the Yoast SEO plugin v27.2 - https:\/\/yoast.com\/product\/yoast-seo-wordpress\/ -->\n<title>Politique de confidentialit\u00e9 - Gestion iParc<\/title>\n<meta name=\"description\" content=\"Pour connaitre notre m\u00e9thodologie pour la manipulation et la conservation des renseignements collect\u00e9s sur ce site web.\" \/>\n<meta name=\"robots\" content=\"index, follow, max-snippet:-1, max-image-preview:large, max-video-preview:-1\" \/>\n<link rel=\"canonical\" href=\"https:\/\/iparc.ca\/en\/politique-de-confidentialite\/\" \/>\n<meta property=\"og:locale\" content=\"en_US\" \/>\n<meta property=\"og:type\" content=\"article\" \/>\n<meta property=\"og:title\" content=\"Politique de confidentialit\u00e9 - Gestion iParc\" \/>\n<meta property=\"og:description\" content=\"Pour connaitre notre m\u00e9thodologie pour la manipulation et la conservation des renseignements collect\u00e9s sur ce site web.\" \/>\n<meta property=\"og:url\" content=\"https:\/\/iparc.ca\/en\/politique-de-confidentialite\/\" \/>\n<meta property=\"og:site_name\" content=\"Gestion iParc\" \/>\n<meta property=\"article:publisher\" content=\"https:\/\/web.facebook.com\/gestion.iparc\" \/>\n<meta property=\"article:modified_time\" content=\"2025-05-16T13:16:58+00:00\" \/>\n<meta name=\"twitter:card\" content=\"summary_large_image\" \/>\n<meta name=\"twitter:label1\" content=\"Est. reading time\" \/>\n\t<meta name=\"twitter:data1\" content=\"6 minutes\" \/>\n<script type=\"application\/ld+json\" class=\"yoast-schema-graph\">{\"@context\":\"https:\/\/schema.org\",\"@graph\":[{\"@type\":\"WebPage\",\"@id\":\"https:\/\/iparc.ca\/politique-de-confidentialite\/\",\"url\":\"https:\/\/iparc.ca\/politique-de-confidentialite\/\",\"name\":\"Politique de confidentialit\u00e9 - Gestion iParc\",\"isPartOf\":{\"@id\":\"https:\/\/iparc.ca\/#website\"},\"datePublished\":\"2021-09-30T03:00:36+00:00\",\"dateModified\":\"2025-05-16T13:16:58+00:00\",\"description\":\"Pour connaitre notre m\u00e9thodologie pour la manipulation et la conservation des renseignements collect\u00e9s sur ce site web.\",\"breadcrumb\":{\"@id\":\"https:\/\/iparc.ca\/politique-de-confidentialite\/#breadcrumb\"},\"inLanguage\":\"en-CA\",\"potentialAction\":[{\"@type\":\"ReadAction\",\"target\":[\"https:\/\/iparc.ca\/politique-de-confidentialite\/\"]}]},{\"@type\":\"BreadcrumbList\",\"@id\":\"https:\/\/iparc.ca\/politique-de-confidentialite\/#breadcrumb\",\"itemListElement\":[{\"@type\":\"ListItem\",\"position\":1,\"name\":\"Home\",\"item\":\"https:\/\/iparc.ca\/\"},{\"@type\":\"ListItem\",\"position\":2,\"name\":\"Politique de confidentialit\u00e9\"}]},{\"@type\":\"WebSite\",\"@id\":\"https:\/\/iparc.ca\/#website\",\"url\":\"https:\/\/iparc.ca\/\",\"name\":\"Gestion Iparc\",\"description\":\"Gestion immobili\u00e8re \u00e0 Montr\u00e9al\",\"publisher\":{\"@id\":\"https:\/\/iparc.ca\/#organization\"},\"potentialAction\":[{\"@type\":\"SearchAction\",\"target\":{\"@type\":\"EntryPoint\",\"urlTemplate\":\"https:\/\/iparc.ca\/?s={search_term_string}\"},\"query-input\":{\"@type\":\"PropertyValueSpecification\",\"valueRequired\":true,\"valueName\":\"search_term_string\"}}],\"inLanguage\":\"en-CA\"},{\"@type\":\"Organization\",\"@id\":\"https:\/\/iparc.ca\/#organization\",\"name\":\"Gestion Iparc\",\"url\":\"https:\/\/iparc.ca\/\",\"logo\":{\"@type\":\"ImageObject\",\"inLanguage\":\"en-CA\",\"@id\":\"https:\/\/iparc.ca\/#\/schema\/logo\/image\/\",\"url\":\"https:\/\/iparc.ca\/wp-content\/uploads\/2025\/04\/Untitled.jpg\",\"contentUrl\":\"https:\/\/iparc.ca\/wp-content\/uploads\/2025\/04\/Untitled.jpg\",\"width\":140,\"height\":125,\"caption\":\"Gestion Iparc\"},\"image\":{\"@id\":\"https:\/\/iparc.ca\/#\/schema\/logo\/image\/\"},\"sameAs\":[\"https:\/\/web.facebook.com\/gestion.iparc\"]}]}<\/script>\n<!-- \/ Yoast SEO plugin. -->","yoast_head_json":{"title":"Politique de confidentialit\u00e9 - Gestion iParc","description":"Pour connaitre notre m\u00e9thodologie pour la manipulation et la conservation des renseignements collect\u00e9s sur ce site web.","robots":{"index":"index","follow":"follow","max-snippet":"max-snippet:-1","max-image-preview":"max-image-preview:large","max-video-preview":"max-video-preview:-1"},"canonical":"https:\/\/iparc.ca\/en\/politique-de-confidentialite\/","og_locale":"en_US","og_type":"article","og_title":"Politique de confidentialit\u00e9 - Gestion iParc","og_description":"Pour connaitre notre m\u00e9thodologie pour la manipulation et la conservation des renseignements collect\u00e9s sur ce site web.","og_url":"https:\/\/iparc.ca\/en\/politique-de-confidentialite\/","og_site_name":"Gestion iParc","article_publisher":"https:\/\/web.facebook.com\/gestion.iparc","article_modified_time":"2025-05-16T13:16:58+00:00","twitter_card":"summary_large_image","twitter_misc":{"Est. reading time":"6 minutes"},"schema":{"@context":"https:\/\/schema.org","@graph":[{"@type":"WebPage","@id":"https:\/\/iparc.ca\/politique-de-confidentialite\/","url":"https:\/\/iparc.ca\/politique-de-confidentialite\/","name":"Politique de confidentialit\u00e9 - Gestion iParc","isPartOf":{"@id":"https:\/\/iparc.ca\/#website"},"datePublished":"2021-09-30T03:00:36+00:00","dateModified":"2025-05-16T13:16:58+00:00","description":"Pour connaitre notre m\u00e9thodologie pour la manipulation et la conservation des renseignements collect\u00e9s sur ce site web.","breadcrumb":{"@id":"https:\/\/iparc.ca\/politique-de-confidentialite\/#breadcrumb"},"inLanguage":"en-CA","potentialAction":[{"@type":"ReadAction","target":["https:\/\/iparc.ca\/politique-de-confidentialite\/"]}]},{"@type":"BreadcrumbList","@id":"https:\/\/iparc.ca\/politique-de-confidentialite\/#breadcrumb","itemListElement":[{"@type":"ListItem","position":1,"name":"Home","item":"https:\/\/iparc.ca\/"},{"@type":"ListItem","position":2,"name":"Politique de confidentialit\u00e9"}]},{"@type":"WebSite","@id":"https:\/\/iparc.ca\/#website","url":"https:\/\/iparc.ca\/","name":"Gestion Iparc","description":"Gestion immobili\u00e8re \u00e0 Montr\u00e9al","publisher":{"@id":"https:\/\/iparc.ca\/#organization"},"potentialAction":[{"@type":"SearchAction","target":{"@type":"EntryPoint","urlTemplate":"https:\/\/iparc.ca\/?s={search_term_string}"},"query-input":{"@type":"PropertyValueSpecification","valueRequired":true,"valueName":"search_term_string"}}],"inLanguage":"en-CA"},{"@type":"Organization","@id":"https:\/\/iparc.ca\/#organization","name":"Gestion Iparc","url":"https:\/\/iparc.ca\/","logo":{"@type":"ImageObject","inLanguage":"en-CA","@id":"https:\/\/iparc.ca\/#\/schema\/logo\/image\/","url":"https:\/\/iparc.ca\/wp-content\/uploads\/2025\/04\/Untitled.jpg","contentUrl":"https:\/\/iparc.ca\/wp-content\/uploads\/2025\/04\/Untitled.jpg","width":140,"height":125,"caption":"Gestion Iparc"},"image":{"@id":"https:\/\/iparc.ca\/#\/schema\/logo\/image\/"},"sameAs":["https:\/\/web.facebook.com\/gestion.iparc"]}]}},"_links":{"self":[{"href":"https:\/\/iparc.ca\/en\/wp-json\/wp\/v2\/pages\/3","targetHints":{"allow":["GET"]}}],"collection":[{"href":"https:\/\/iparc.ca\/en\/wp-json\/wp\/v2\/pages"}],"about":[{"href":"https:\/\/iparc.ca\/en\/wp-json\/wp\/v2\/types\/page"}],"author":[{"embeddable":true,"href":"https:\/\/iparc.ca\/en\/wp-json\/wp\/v2\/users\/1"}],"replies":[{"embeddable":true,"href":"https:\/\/iparc.ca\/en\/wp-json\/wp\/v2\/comments?post=3"}],"version-history":[{"count":10,"href":"https:\/\/iparc.ca\/en\/wp-json\/wp\/v2\/pages\/3\/revisions"}],"predecessor-version":[{"id":8704,"href":"https:\/\/iparc.ca\/en\/wp-json\/wp\/v2\/pages\/3\/revisions\/8704"}],"wp:attachment":[{"href":"https:\/\/iparc.ca\/en\/wp-json\/wp\/v2\/media?parent=3"}],"curies":[{"name":"wp","href":"https:\/\/api.w.org\/{rel}","templated":true}]}}